{"id":595,"date":"2023-05-01T19:51:53","date_gmt":"2023-05-01T19:51:53","guid":{"rendered":"https:\/\/aaromania.org.ro\/muntenia\/?page_id=595"},"modified":"2023-05-01T20:10:44","modified_gmt":"2023-05-01T20:10:44","slug":"recuperare","status":"publish","type":"page","link":"https:\/\/aaromania.org.ro\/muntenia\/recuperare\/","title":{"rendered":"Recuperare"},"content":{"rendered":"\n<p>Recuperarea ne-a oferit o a doua \u0219ans\u0103 de a g\u0103si fericirea \u0219i libertatea&#8230; s\u0103 tr\u0103im o via\u021b\u0103 nou\u0103 util\u0103 \u0219i productiv\u0103. Cei 12 pa\u0219i \u0219i Cartea Mare sunt cunoscu\u021be ca fiind informa\u021biile necesare pentru Recuperare \u0219i ele reprezint\u0103 \u00eentreaga baz\u0103 a programului nostru. Cuvintele lui Bill W. din prefa\u021ba c\u0103r\u021bii 12 Pa\u0219i \u0219i 12 Tradi\u021bii ne spun c\u0103: \u201eCei 12 pa\u0219i ai Alcoolicilor Anonimi sunt un set de principii spirituale, prin natura lor, care, dac\u0103 sunt practica\u021bi ca mod de via\u021b\u0103 zilnic, pot elimina obsesia b\u0103utului \u0219i pot permite celor suferinzi s\u0103 devin\u0103 fericiti \u0219i utili \u00eentregi societ\u0103\u021bi.\u201d<\/p>\n","protected":false},"excerpt":{"rendered":"<p>Recuperarea ne-a oferit o a doua \u0219ans\u0103 de a g\u0103si fericirea \u0219i libertatea&#8230; s\u0103 tr\u0103im o via\u021b\u0103 nou\u0103 util\u0103 \u0219i productiv\u0103. Cei 12 pa\u0219i \u0219i Cartea Mare sunt cunoscu\u021be ca fiind informa\u021biile necesare pentru Recuperare \u0219i ele reprezint\u0103 \u00eentreaga baz\u0103 a programului nostru. Cuvintele lui Bill W. din prefa\u021ba c\u0103r\u021bii 12 Pa\u0219i \u0219i 12 Tradi\u021bii [&hellip;]<\/p>\n","protected":false},"author":1,"featured_media":0,"parent":0,"menu_order":0,"comment_status":"closed","ping_status":"closed","template":"","meta":{"footnotes":""},"class_list":["post-595","page","type-page","status-publish","hentry"],"_links":{"self":[{"href":"https:\/\/aaromania.org.ro\/muntenia\/wp-json\/wp\/v2\/pages\/595","targetHints":{"allow":["GET"]}}],"collection":[{"href":"https:\/\/aaromania.org.ro\/muntenia\/wp-json\/wp\/v2\/pages"}],"about":[{"href":"https:\/\/aaromania.org.ro\/muntenia\/wp-json\/wp\/v2\/types\/page"}],"author":[{"embeddable":true,"href":"https:\/\/aaromania.org.ro\/muntenia\/wp-json\/wp\/v2\/users\/1"}],"replies":[{"embeddable":true,"href":"https:\/\/aaromania.org.ro\/muntenia\/wp-json\/wp\/v2\/comments?post=595"}],"version-history":[{"count":2,"href":"https:\/\/aaromania.org.ro\/muntenia\/wp-json\/wp\/v2\/pages\/595\/revisions"}],"predecessor-version":[{"id":602,"href":"https:\/\/aaromania.org.ro\/muntenia\/wp-json\/wp\/v2\/pages\/595\/revisions\/602"}],"wp:attachment":[{"href":"https:\/\/aaromania.org.ro\/muntenia\/wp-json\/wp\/v2\/media?parent=595"}],"curies":[{"name":"wp","href":"https:\/\/api.w.org\/{rel}","templated":true}]}}