{"id":599,"date":"2023-05-01T20:01:06","date_gmt":"2023-05-01T20:01:06","guid":{"rendered":"https:\/\/aaromania.org.ro\/muntenia\/?page_id=599"},"modified":"2023-05-01T20:01:06","modified_gmt":"2023-05-01T20:01:06","slug":"servicii","status":"publish","type":"page","link":"https:\/\/aaromania.org.ro\/muntenia\/servicii\/","title":{"rendered":"Servicii"},"content":{"rendered":"\n<p>Serviciile ne ofer\u0103 oportunitatea de a ne implementa scopul principal \u201ede a transmite mesajul c\u0103tre alcoolicul care \u00eenc\u0103 mai sufer\u0103\u201d Serviciile \u00een AA se bazeaz\u0103 pe cele 12 principii spirituale cunoscute sub denumirea de cele 12 concepte, care se g\u0103sesc \u00een Manualul de servicii generale \u0219i \u00een anexa la Big Book-ul  AA. \u201eAl doisprezecelea pas al nostru \u2013 transmiterea mesajului \u2013 este serviciul de baz\u0103 pe care \u00eel ofer\u0103 AA comunit\u0103\u021bii; acesta este scopul nostru primordial \u0219i motivul principal al existen\u021bei noastre. Prin urmare, AA este mai mult dec\u00e2t un set de principii; este o societate de alcoolici \u00een ac\u0163iune. Trebuie s\u0103 purt\u0103m mesajul, altfel noi \u00een\u0219ine ne putem ofili, iar cei c\u0103rora nu li s-a oferit \u0219ansa de a cunoa\u0219te adev\u0103rul pot muri.\u201d din  Manualul de service AA<\/p>\n","protected":false},"excerpt":{"rendered":"<p>Serviciile ne ofer\u0103 oportunitatea de a ne implementa scopul principal \u201ede a transmite mesajul c\u0103tre alcoolicul care \u00eenc\u0103 mai sufer\u0103\u201d Serviciile \u00een AA se bazeaz\u0103 pe cele 12 principii spirituale cunoscute sub denumirea de cele 12 concepte, care se g\u0103sesc \u00een Manualul de servicii generale \u0219i \u00een anexa la Big Book-ul AA. \u201eAl doisprezecelea pas [&hellip;]<\/p>\n","protected":false},"author":1,"featured_media":0,"parent":0,"menu_order":0,"comment_status":"closed","ping_status":"closed","template":"","meta":{"footnotes":""},"class_list":["post-599","page","type-page","status-publish","hentry"],"_links":{"self":[{"href":"https:\/\/aaromania.org.ro\/muntenia\/wp-json\/wp\/v2\/pages\/599","targetHints":{"allow":["GET"]}}],"collection":[{"href":"https:\/\/aaromania.org.ro\/muntenia\/wp-json\/wp\/v2\/pages"}],"about":[{"href":"https:\/\/aaromania.org.ro\/muntenia\/wp-json\/wp\/v2\/types\/page"}],"author":[{"embeddable":true,"href":"https:\/\/aaromania.org.ro\/muntenia\/wp-json\/wp\/v2\/users\/1"}],"replies":[{"embeddable":true,"href":"https:\/\/aaromania.org.ro\/muntenia\/wp-json\/wp\/v2\/comments?post=599"}],"version-history":[{"count":1,"href":"https:\/\/aaromania.org.ro\/muntenia\/wp-json\/wp\/v2\/pages\/599\/revisions"}],"predecessor-version":[{"id":600,"href":"https:\/\/aaromania.org.ro\/muntenia\/wp-json\/wp\/v2\/pages\/599\/revisions\/600"}],"wp:attachment":[{"href":"https:\/\/aaromania.org.ro\/muntenia\/wp-json\/wp\/v2\/media?parent=599"}],"curies":[{"name":"wp","href":"https:\/\/api.w.org\/{rel}","templated":true}]}}