{"id":610,"date":"2023-05-01T20:55:10","date_gmt":"2023-05-01T20:55:10","guid":{"rendered":"https:\/\/aaromania.org.ro\/muntenia\/?page_id=610"},"modified":"2023-05-01T20:55:11","modified_gmt":"2023-05-01T20:55:11","slug":"revista-aa-noi-insine-respectiv-grapevine","status":"publish","type":"page","link":"https:\/\/aaromania.org.ro\/muntenia\/revista-aa-noi-insine-respectiv-grapevine\/","title":{"rendered":"Revista AA &#8211; &#8222;Noi \u00een\u0219ine&#8221; respectiv &#8222;Grapevine&#8221;"},"content":{"rendered":"\n<p>Este o activitate complet separat\u0103 (\u00een USA este chiar o companie de genul SRL), cu propriul consiliu director, sub ghidarea propriilor\u00a0administratorilor. Editorialul Grapevine \u0219i staful conduc\u0103tor sunt responsabili cu publicarea edi\u021biei lunare care poart\u0103 mesajul A.A. la mai mult de 82632 oameni din \u00eentreaga lume.<\/p>\n\n\n\n<p>\u00cen Rom\u00e2nia revista se editeaz\u0103 un num\u0103r pe an.<\/p>\n","protected":false},"excerpt":{"rendered":"<p>Este o activitate complet separat\u0103 (\u00een USA este chiar o companie de genul SRL), cu propriul consiliu director, sub ghidarea propriilor\u00a0administratorilor. Editorialul Grapevine \u0219i staful conduc\u0103tor sunt responsabili cu publicarea edi\u021biei lunare care poart\u0103 mesajul A.A. la mai mult de 82632 oameni din \u00eentreaga lume. \u00cen Rom\u00e2nia revista se editeaz\u0103 un num\u0103r pe an.<\/p>\n","protected":false},"author":1,"featured_media":0,"parent":0,"menu_order":0,"comment_status":"closed","ping_status":"closed","template":"","meta":{"footnotes":""},"class_list":["post-610","page","type-page","status-publish","hentry"],"_links":{"self":[{"href":"https:\/\/aaromania.org.ro\/muntenia\/wp-json\/wp\/v2\/pages\/610","targetHints":{"allow":["GET"]}}],"collection":[{"href":"https:\/\/aaromania.org.ro\/muntenia\/wp-json\/wp\/v2\/pages"}],"about":[{"href":"https:\/\/aaromania.org.ro\/muntenia\/wp-json\/wp\/v2\/types\/page"}],"author":[{"embeddable":true,"href":"https:\/\/aaromania.org.ro\/muntenia\/wp-json\/wp\/v2\/users\/1"}],"replies":[{"embeddable":true,"href":"https:\/\/aaromania.org.ro\/muntenia\/wp-json\/wp\/v2\/comments?post=610"}],"version-history":[{"count":1,"href":"https:\/\/aaromania.org.ro\/muntenia\/wp-json\/wp\/v2\/pages\/610\/revisions"}],"predecessor-version":[{"id":611,"href":"https:\/\/aaromania.org.ro\/muntenia\/wp-json\/wp\/v2\/pages\/610\/revisions\/611"}],"wp:attachment":[{"href":"https:\/\/aaromania.org.ro\/muntenia\/wp-json\/wp\/v2\/media?parent=610"}],"curies":[{"name":"wp","href":"https:\/\/api.w.org\/{rel}","templated":true}]}}