{"id":612,"date":"2023-05-01T21:17:48","date_gmt":"2023-05-01T21:17:48","guid":{"rendered":"https:\/\/aaromania.org.ro\/muntenia\/?page_id=612"},"modified":"2023-05-01T21:20:16","modified_gmt":"2023-05-01T21:20:16","slug":"structura-serviciilor-aa","status":"publish","type":"page","link":"https:\/\/aaromania.org.ro\/muntenia\/structura-serviciilor-aa\/","title":{"rendered":"Despre decizii \u0219i bani \u00een AA"},"content":{"rendered":"\n<ul class=\"wp-block-list\">\n<li>Conferin\u021ba General\u0103 a Serviciilor <\/li>\n<\/ul>\n\n\n\n<p>Conferin\u021ba General\u0103 a Serviciilor constituie liantul dintre grupurile A.A. \u0219i Consiliul General al Serviciilor (GSB-ul) \u0219i Biroul (GSOul) s\u0103u. Are loc o dat\u0103 pe an \u0219i aici se \u00eent\u00e2lnesc aprox. 132 membrii \u2013 delega\u021bi de peste tot, administratori, directori, staful de la Grapevine etc. Este un forum pentru a \u00eemp\u0103rt\u0103\u0219i experien\u021ba A.A. \u0219i pentru a releva grupurilor con\u0219tiinta parteneriatului. \u00cen Conferin\u021b\u0103 se decid toate aspectele comunit\u0103\u021bii AA. \u00cen Rom\u00e2nia de\u0219i la conferin\u021b\u0103 sunt invitate toate grupurile AA din \u021bar\u0103&#8230; num\u0103rul participan\u021bilor a fost de aprox 40 de membrii.<\/p>\n\n\n\n<ul class=\"wp-block-list\">\n<li>Cum po\u021bi lua \u0219i TU parte la serviciile mondiale<\/li>\n<\/ul>\n\n\n\n<p>C\u00e2nd cite\u0219ti \u00een fa\u021ba altor membri Cei Doisprezece Pa\u0219i, c\u00e2nd contribui cu ce po\u021bi la suportul G.S.O. Romania, c\u00e2nd folosesti documenta\u021bie de la A.A.&nbsp; sau \u00eendrum\u0103rile oferite de A.A., contribui \u00een toate aceste cazuri la serviciile mondiale.<\/p>\n\n\n\n<p>Po\u021bi s\u0103 contribui \u0219i mai clar \u0219i mai direct  atunci cand frecventezi, sprijini \u0219i \u00ee\u021bi oferi serviciile organiza\u021biei A.A. din localitatea unde locuie\u0219ti, grupului t\u0103u. <\/p>\n\n\n\n<ul class=\"wp-block-list\">\n<li>Grupul t\u0103u  de acas\u0103 este unitatea de baz\u0103 a structurii AA<\/li>\n<\/ul>\n\n\n\n<p>Acest grup este unitatea de baza peste tot \u00een lume. Nevoile grupului, atitudinea sa, ajutorul oferit de el, determina tipul si calitatea serviciului oferit de G.S.O.<\/p>\n\n\n\n<ul class=\"wp-block-list\">\n<li>G.S.R. Reprezint\u0103 grupul t\u0103u<\/li>\n<\/ul>\n\n\n\n<p>Grupul t\u0103u alege un reprezentant general al serviciilor, pentru ca acesta s\u0103 reprezinte grupul \u00een structura serviciilor.<\/p>\n\n\n\n<ul class=\"wp-block-list\">\n<li>Reprezentan\u021bii zonali aleg delega\u021bii \u0219i comitetele.<\/li>\n<\/ul>\n\n\n\n<p>\u00cen Canada \u0219i Statele Unite fiecare reprezentant zonal alege: un delegat (\u0219i o rezerv\u0103) \u0219i ofi\u021berii comisiei &#8211; pentru a servi pentru urm\u0103torii doi ani.<\/p>\n\n\n\n<ul class=\"wp-block-list\">\n<li>Comitete \u0219i \u00eent\u00e2lniri zonale \u0219i districtuale<\/li>\n<\/ul>\n\n\n\n<p>Intalniri ale comitetelor zonale si districtuale au loc pentru a alege&nbsp; reprezentantul general al serviciilor, respectiv reprezentantul comitetului districtual. Ele au loc lunar si trimestrial, se discuta nevoile aparute in servicii si pentru a oferi rapoarte serviciilor mondiale.&nbsp; Numele \u0219i adresa pre\u0219edintelui t\u0103u zonal apare \u00een analele AA.<\/p>\n\n\n\n<ul class=\"wp-block-list\">\n<li>Delegatii servesc ca \u0219i legatur\u0103 \u00eentre zone si Biroul General al Serviciilor si Consiliul sau.<\/li>\n<\/ul>\n\n\n\n<p>&#8211; prezentand in zona proprie rapoartele de activitate ale&nbsp; Biroului General al Serviciilor si Consiliului sau<\/p>\n\n\n\n<p>&#8211; prezentand opiniile celor din zona Biroului General al Serviciilor si Consiliului sau.<\/p>\n\n\n\n<p>&#8211; dezvoltand noi servicii.<\/p>\n\n\n\n<p>&nbsp; &nbsp;Delagatii nu incep si sfarsesc cu Conferinta generala anuala a serviciilor.&nbsp; Se asteapta de la ei sa fie activi intregul an. Datorita eforturilor sustinute de acesti delegati loiali, serviciile A.A. Inregistreaza cresteri evolutive uimitoare in ultimele dati.( Delegatii zonali apar si ei in scriptele A.A.)<\/p>\n\n\n\n<ul class=\"wp-block-list\">\n<li>Sesiuni de conferinte<\/li>\n<\/ul>\n\n\n\n<p>Membrii care particip\u0103 la conferinte se intalnesc anual pentru \u0219ase zile. Ei studiaz\u0103 \u00eempreuna rapoartele de activitate ale G.S.O. \u0219i ale consiliului sau.<\/p>\n\n\n\n<p>De asemenea studiaz\u0103 trendurile \u0219i tendin\u021bele de dezvoltare ale A.A. Fiecare asemenea membru este \u00eencurajat s\u0103 ac\u021bioneze ca \u0219i un reprezentant al A.A. ca \u00eentreg , nu doar ca \u0219i un simplu reprezentant zonal al grupurilor.<\/p>\n\n\n\n<ul class=\"wp-block-list\">\n<li>Serviciile globale ale A.A. \u0219i banii comunit\u0103\u021bii<\/li>\n<\/ul>\n\n\n\n<p>Programele serviciilor A.A. Sunt suportate de contribu\u021biile voluntare ale grupurilor, prin fonduri derivate din diverse activit\u0103\u021bi publicistice, c\u00e2t \u0219i prin contribu\u021bia individual\u0103 a membrilor. Nici o contribu\u021bie b\u0103neasc\u0103 individual\u0103 nu ar trebui s\u0103 dep\u0103\u0219easc\u0103 suma de 3000 $\/an.&nbsp; Statutul de membru al A.A. nu are nici un fel de contingen\u021b\u0103 asupra suportului financiar al mi\u0219c\u0103rii. (Grupurile care&nbsp; fac acest lucru sunt invitate s\u0103 contribuie \u00een concordan\u021b\u0103 cu planul &#8217;50-30-10-10&#8242; adic\u0103 50% la grupul intern , 30% la structurile zonale \u0219i 10% la G.S.O. \u0219i 10% la comisiile districtuale. Un alt plan acolo unde fondurile nu acoper\u0103 cheltuielile interne ale grupurilor, este &#8217;40-30-30&#8242;, 40% districtual, 30% la G.S.O \u0219i 30% zonal.) . Pentru mai multe informatii vezi articolul: &#8216;Auto-ajutor: c\u00e2nd banii \u0219i spiritualitatea se amestec\u0103&#8217;.<\/p>\n\n\n\n<p>Toate conturile comunit\u0103\u021bii sunt validate prin audit \u0219i sunt publicate anual rapoarte detaliate privind gestionarea banilor comunit\u0103\u021bii.<\/p>\n","protected":false},"excerpt":{"rendered":"<p>Conferin\u021ba General\u0103 a Serviciilor constituie liantul dintre grupurile A.A. \u0219i Consiliul General al Serviciilor (GSB-ul) \u0219i Biroul (GSOul) s\u0103u. Are loc o dat\u0103 pe an \u0219i aici se \u00eent\u00e2lnesc aprox. 132 membrii \u2013 delega\u021bi de peste tot, administratori, directori, staful de la Grapevine etc. Este un forum pentru a \u00eemp\u0103rt\u0103\u0219i experien\u021ba A.A. \u0219i pentru a [&hellip;]<\/p>\n","protected":false},"author":1,"featured_media":0,"parent":0,"menu_order":0,"comment_status":"closed","ping_status":"closed","template":"","meta":{"footnotes":""},"class_list":["post-612","page","type-page","status-publish","hentry"],"_links":{"self":[{"href":"https:\/\/aaromania.org.ro\/muntenia\/wp-json\/wp\/v2\/pages\/612","targetHints":{"allow":["GET"]}}],"collection":[{"href":"https:\/\/aaromania.org.ro\/muntenia\/wp-json\/wp\/v2\/pages"}],"about":[{"href":"https:\/\/aaromania.org.ro\/muntenia\/wp-json\/wp\/v2\/types\/page"}],"author":[{"embeddable":true,"href":"https:\/\/aaromania.org.ro\/muntenia\/wp-json\/wp\/v2\/users\/1"}],"replies":[{"embeddable":true,"href":"https:\/\/aaromania.org.ro\/muntenia\/wp-json\/wp\/v2\/comments?post=612"}],"version-history":[{"count":3,"href":"https:\/\/aaromania.org.ro\/muntenia\/wp-json\/wp\/v2\/pages\/612\/revisions"}],"predecessor-version":[{"id":618,"href":"https:\/\/aaromania.org.ro\/muntenia\/wp-json\/wp\/v2\/pages\/612\/revisions\/618"}],"wp:attachment":[{"href":"https:\/\/aaromania.org.ro\/muntenia\/wp-json\/wp\/v2\/media?parent=612"}],"curies":[{"name":"wp","href":"https:\/\/api.w.org\/{rel}","templated":true}]}}