{"id":929,"date":"2023-05-04T19:28:50","date_gmt":"2023-05-04T19:28:50","guid":{"rendered":"https:\/\/aaromania.org.ro\/transilvania\/?page_id=929"},"modified":"2023-05-04T19:28:50","modified_gmt":"2023-05-04T19:28:50","slug":"consiliul-general-al-serviciilor-gsb-pastratorii","status":"publish","type":"page","link":"https:\/\/aaromania.org.ro\/transilvania\/consiliul-general-al-serviciilor-gsb-pastratorii\/","title":{"rendered":"CONSILIUL GENERAL AL SERVICIILOR (GSB \u2013 P\u0102STR\u0102TORII)"},"content":{"rendered":"\n<p>Acest consiliu este compus at\u00e2t din ne-alcoolici c\u00e2t \u0219i din membrii AA. Este responsabil pentru asigurarea siguran\u021bei tradi\u021biilor A.A. C\u00e2t \u0219i pentru administrarea fondurilor. \u00cenglobeaz\u0103 urm\u0103toarele unit\u0103\u021bi opera\u021bionale de servicii: Biroul General al Serviciilor (GSO), Revista A.A. Noi \u00cen\u0219ine (\u00een state e Grapevine).<\/p>\n\n\n\n<p>Membrii Consiliului General al Serviciilor<\/p>\n\n\n\n<p>Este compus atat din administratori \u2013 membrii A.A. cat si ne-alcoolici, in proportie de doi la unu. Paisprezece membri alcoolici si sapte ne-alcoolici servesc in consiliul director.<\/p>\n\n\n\n<p>Sunt opt administratori regionali din S.U.A. Si Canada, patru administratori generali ai serviciilor ( doi de la Consiliul A.A. Pentru Servicii Globale si doi de la Consiliul Grapevine) si doi administratori \u2013 extinsi \u2013 unul din S.U.A. Si unul din Canada.<\/p>\n\n\n\n<p>Sunt sapte ne-alcoolici servind in consiliu, contribuind cu diverse aptitudini in diverse arii profesionale , incluzand finantele, medicina si serviciile sociale.<\/p>\n\n\n\n<p>\u00cen Rom\u00e2nia avem doar 14 membrii alcoolici \u0219i nealcoolici care servesc \u00een GSB.<\/p>\n","protected":false},"excerpt":{"rendered":"<p>Acest consiliu este compus at\u00e2t din ne-alcoolici c\u00e2t \u0219i din membrii AA. Este responsabil pentru asigurarea siguran\u021bei tradi\u021biilor A.A. C\u00e2t \u0219i pentru administrarea fondurilor. \u00cenglobeaz\u0103 urm\u0103toarele unit\u0103\u021bi opera\u021bionale de servicii: Biroul General al Serviciilor (GSO), Revista A.A. Noi \u00cen\u0219ine (\u00een state e Grapevine). Membrii Consiliului General al Serviciilor Este compus atat din administratori \u2013 membrii [&hellip;]<\/p>\n","protected":false},"author":1,"featured_media":0,"parent":0,"menu_order":0,"comment_status":"closed","ping_status":"closed","template":"","meta":{"footnotes":""},"class_list":["post-929","page","type-page","status-publish","hentry"],"_links":{"self":[{"href":"https:\/\/aaromania.org.ro\/transilvania\/wp-json\/wp\/v2\/pages\/929","targetHints":{"allow":["GET"]}}],"collection":[{"href":"https:\/\/aaromania.org.ro\/transilvania\/wp-json\/wp\/v2\/pages"}],"about":[{"href":"https:\/\/aaromania.org.ro\/transilvania\/wp-json\/wp\/v2\/types\/page"}],"author":[{"embeddable":true,"href":"https:\/\/aaromania.org.ro\/transilvania\/wp-json\/wp\/v2\/users\/1"}],"replies":[{"embeddable":true,"href":"https:\/\/aaromania.org.ro\/transilvania\/wp-json\/wp\/v2\/comments?post=929"}],"version-history":[{"count":1,"href":"https:\/\/aaromania.org.ro\/transilvania\/wp-json\/wp\/v2\/pages\/929\/revisions"}],"predecessor-version":[{"id":930,"href":"https:\/\/aaromania.org.ro\/transilvania\/wp-json\/wp\/v2\/pages\/929\/revisions\/930"}],"wp:attachment":[{"href":"https:\/\/aaromania.org.ro\/transilvania\/wp-json\/wp\/v2\/media?parent=929"}],"curies":[{"name":"wp","href":"https:\/\/api.w.org\/{rel}","templated":true}]}}